{"id":24,"date":"2016-04-30T19:32:23","date_gmt":"2016-04-30T17:32:23","guid":{"rendered":"http:\/\/gabriele-boeger.de\/wp\/?page_id=24"},"modified":"2018-08-22T10:54:06","modified_gmt":"2018-08-22T08:54:06","slug":"bilder","status":"publish","type":"page","link":"https:\/\/gabriele-boeger.de\/wp\/werke\/bilder-2\/bilder\/","title":{"rendered":"Tiere"},"content":{"rendered":"<p><em>Zur vergr\u00f6\u00dferten Ansicht bitte das einzelne Bild anklicken.<\/em><\/p>\n<h5>\u00a0Tiere<\/h5>\n<div id=\"hands-on\" class=\"jqHandle jqResize\">\n<div id='gallery-1' class='gallery galleryid-24 gallery-columns-4 gallery-size-thumbnail'><figure class='gallery-item'>\n\t\t\t<div class='gallery-icon landscape'>\n\t\t\t\t<a href='https:\/\/gabriele-boeger.de\/wp\/werke\/bilder-2\/bilder\/aqu_tier_10\/'><img loading=\"lazy\" decoding=\"async\" width=\"150\" height=\"150\" src=\"https:\/\/gabriele-boeger.de\/wp-content\/uploads\/2016\/04\/aqu_tier_10-150x150.jpg\" class=\"attachment-thumbnail size-thumbnail\" alt=\"\" aria-describedby=\"gallery-1-119\" \/><\/a>\n\t\t\t<\/div>\n\t\t\t\t<figcaption class='wp-caption-text gallery-caption' id='gallery-1-119'>\n\t\t\t\tTier 10, 2012,  Aquarell auf B\u00fctten, 36 x 48 cm\n\t\t\t\t<\/figcaption><\/figure><figure class='gallery-item'>\n\t\t\t<div class='gallery-icon landscape'>\n\t\t\t\t<a href='https:\/\/gabriele-boeger.de\/wp\/werke\/bilder-2\/bilder\/aqu_tier_9\/'><img loading=\"lazy\" decoding=\"async\" width=\"150\" height=\"150\" src=\"https:\/\/gabriele-boeger.de\/wp-content\/uploads\/2016\/04\/aqu_tier_9-150x150.jpg\" class=\"attachment-thumbnail size-thumbnail\" alt=\"\" aria-describedby=\"gallery-1-120\" \/><\/a>\n\t\t\t<\/div>\n\t\t\t\t<figcaption class='wp-caption-text gallery-caption' id='gallery-1-120'>\n\t\t\t\tTier 9, 2012,  Aquarell auf B\u00fctten, 36 x 48 cm\n\t\t\t\t<\/figcaption><\/figure><figure class='gallery-item'>\n\t\t\t<div class='gallery-icon landscape'>\n\t\t\t\t<a href='https:\/\/gabriele-boeger.de\/wp\/werke\/bilder-2\/bilder\/aqu_tier_8\/'><img loading=\"lazy\" decoding=\"async\" width=\"150\" height=\"150\" src=\"https:\/\/gabriele-boeger.de\/wp-content\/uploads\/2016\/04\/aqu_tier_8-150x150.jpg\" class=\"attachment-thumbnail size-thumbnail\" alt=\"\" aria-describedby=\"gallery-1-121\" \/><\/a>\n\t\t\t<\/div>\n\t\t\t\t<figcaption class='wp-caption-text gallery-caption' id='gallery-1-121'>\n\t\t\t\tTier 8, 2012,  Aquarell auf B\u00fctten, 36 x 48 cm\n\t\t\t\t<\/figcaption><\/figure><figure class='gallery-item'>\n\t\t\t<div class='gallery-icon portrait'>\n\t\t\t\t<a href='https:\/\/gabriele-boeger.de\/wp\/werke\/bilder-2\/bilder\/aqu_tier_5\/'><img loading=\"lazy\" decoding=\"async\" width=\"150\" height=\"150\" src=\"https:\/\/gabriele-boeger.de\/wp-content\/uploads\/2016\/04\/aqu_tier_5-150x150.jpg\" class=\"attachment-thumbnail size-thumbnail\" alt=\"\" aria-describedby=\"gallery-1-123\" \/><\/a>\n\t\t\t<\/div>\n\t\t\t\t<figcaption class='wp-caption-text gallery-caption' id='gallery-1-123'>\n\t\t\t\tTier 5, 2012,  Aquarell auf B\u00fctten, 36 x 48 cm\n\t\t\t\t<\/figcaption><\/figure><figure class='gallery-item'>\n\t\t\t<div class='gallery-icon landscape'>\n\t\t\t\t<a href='https:\/\/gabriele-boeger.de\/wp\/werke\/bilder-2\/bilder\/aqu_tier_4\/'><img loading=\"lazy\" decoding=\"async\" width=\"150\" height=\"150\" src=\"https:\/\/gabriele-boeger.de\/wp-content\/uploads\/2016\/04\/aqu_tier_4-150x150.jpg\" class=\"attachment-thumbnail size-thumbnail\" alt=\"\" aria-describedby=\"gallery-1-124\" \/><\/a>\n\t\t\t<\/div>\n\t\t\t\t<figcaption class='wp-caption-text gallery-caption' id='gallery-1-124'>\n\t\t\t\tTier 4, 2012, Aquarell auf B\u00fctten, 36 x 48cm\n\t\t\t\t<\/figcaption><\/figure><figure class='gallery-item'>\n\t\t\t<div class='gallery-icon portrait'>\n\t\t\t\t<a href='https:\/\/gabriele-boeger.de\/wp\/werke\/bilder-2\/bilder\/aqu_tier_3\/'><img loading=\"lazy\" decoding=\"async\" width=\"150\" height=\"150\" src=\"https:\/\/gabriele-boeger.de\/wp-content\/uploads\/2016\/04\/aqu_tier_3-150x150.jpg\" class=\"attachment-thumbnail size-thumbnail\" alt=\"\" aria-describedby=\"gallery-1-125\" \/><\/a>\n\t\t\t<\/div>\n\t\t\t\t<figcaption class='wp-caption-text gallery-caption' id='gallery-1-125'>\n\t\t\t\tTier 3, 2012,  Aquarell auf B\u00fctten, 36 x 48 cm\n\t\t\t\t<\/figcaption><\/figure><figure class='gallery-item'>\n\t\t\t<div class='gallery-icon landscape'>\n\t\t\t\t<a href='https:\/\/gabriele-boeger.de\/wp\/werke\/bilder-2\/bilder\/aqu_tier_2\/'><img loading=\"lazy\" decoding=\"async\" width=\"150\" height=\"150\" src=\"https:\/\/gabriele-boeger.de\/wp-content\/uploads\/2016\/04\/aqu_tier_2-150x150.jpg\" class=\"attachment-thumbnail size-thumbnail\" alt=\"\" aria-describedby=\"gallery-1-126\" \/><\/a>\n\t\t\t<\/div>\n\t\t\t\t<figcaption class='wp-caption-text gallery-caption' id='gallery-1-126'>\n\t\t\t\tTier2, 2012,  Aquarell auf B\u00fctten, 36 x 48 cm\n\t\t\t\t<\/figcaption><\/figure><figure class='gallery-item'>\n\t\t\t<div class='gallery-icon landscape'>\n\t\t\t\t<a href='https:\/\/gabriele-boeger.de\/wp\/werke\/bilder-2\/bilder\/aqu_tier_1\/'><img loading=\"lazy\" decoding=\"async\" width=\"150\" height=\"150\" src=\"https:\/\/gabriele-boeger.de\/wp-content\/uploads\/2016\/04\/aqu_tier_1-150x150.jpg\" class=\"attachment-thumbnail size-thumbnail\" alt=\"\" aria-describedby=\"gallery-1-127\" \/><\/a>\n\t\t\t<\/div>\n\t\t\t\t<figcaption class='wp-caption-text gallery-caption' id='gallery-1-127'>\n\t\t\t\tTier 1, 2012,  Aquarell auf B\u00fctten, 36 x 48 cm\n\t\t\t\t<\/figcaption><\/figure><figure class='gallery-item'>\n\t\t\t<div class='gallery-icon landscape'>\n\t\t\t\t<a href='https:\/\/gabriele-boeger.de\/wp\/werke\/bilder-2\/bilder\/aqu_pluto\/'><img loading=\"lazy\" decoding=\"async\" width=\"150\" height=\"150\" src=\"https:\/\/gabriele-boeger.de\/wp-content\/uploads\/2016\/04\/aqu_pluto-150x150.jpg\" class=\"attachment-thumbnail size-thumbnail\" alt=\"\" aria-describedby=\"gallery-1-128\" \/><\/a>\n\t\t\t<\/div>\n\t\t\t\t<figcaption class='wp-caption-text gallery-caption' id='gallery-1-128'>\n\t\t\t\tPluto, 2012, Aquarell auf B\u00fctten, 36 x 48 cm\n\t\t\t\t<\/figcaption><\/figure><figure class='gallery-item'>\n\t\t\t<div class='gallery-icon landscape'>\n\t\t\t\t<a href='https:\/\/gabriele-boeger.de\/wp\/werke\/bilder-2\/bilder\/aqu_einw_3_\/'><img loading=\"lazy\" decoding=\"async\" width=\"150\" height=\"150\" src=\"https:\/\/gabriele-boeger.de\/wp-content\/uploads\/2016\/04\/aqu_einw_3_-150x150.jpg\" class=\"attachment-thumbnail size-thumbnail\" alt=\"\" aria-describedby=\"gallery-1-129\" \/><\/a>\n\t\t\t<\/div>\n\t\t\t\t<figcaption class='wp-caption-text gallery-caption' id='gallery-1-129'>\n\t\t\t\tEinwohner III, 2007, Aquarell auf B\u00fctten, 36 x 48 cm\n\t\t\t\t<\/figcaption><\/figure><figure class='gallery-item'>\n\t\t\t<div class='gallery-icon landscape'>\n\t\t\t\t<a href='https:\/\/gabriele-boeger.de\/wp\/werke\/bilder-2\/bilder\/aqu_einw_2\/'><img loading=\"lazy\" decoding=\"async\" width=\"150\" height=\"150\" src=\"https:\/\/gabriele-boeger.de\/wp-content\/uploads\/2016\/04\/aqu_einw_2-150x150.jpg\" class=\"attachment-thumbnail size-thumbnail\" alt=\"\" aria-describedby=\"gallery-1-130\" \/><\/a>\n\t\t\t<\/div>\n\t\t\t\t<figcaption class='wp-caption-text gallery-caption' id='gallery-1-130'>\n\t\t\t\tEinwohner II, 2007, Aquarell auf B\u00fctten, 36x48cm\n\t\t\t\t<\/figcaption><\/figure><figure class='gallery-item'>\n\t\t\t<div class='gallery-icon landscape'>\n\t\t\t\t<a href='https:\/\/gabriele-boeger.de\/wp\/werke\/bilder-2\/bilder\/aqu_donqu_midi\/'><img loading=\"lazy\" decoding=\"async\" width=\"150\" height=\"150\" src=\"https:\/\/gabriele-boeger.de\/wp-content\/uploads\/2016\/04\/aqu_donqu_midi-150x150.jpg\" class=\"attachment-thumbnail size-thumbnail\" alt=\"\" aria-describedby=\"gallery-1-131\" \/><\/a>\n\t\t\t<\/div>\n\t\t\t\t<figcaption class='wp-caption-text gallery-caption' id='gallery-1-131'>\n\t\t\t\tDonqu, 2012,  Aquarell auf B\u00fctten, 36 x 48 cm\n\t\t\t\t<\/figcaption><\/figure><figure class='gallery-item'>\n\t\t\t<div class='gallery-icon portrait'>\n\t\t\t\t<a href='https:\/\/gabriele-boeger.de\/wp\/werke\/bilder-2\/bilder\/peking-ente_2014\/'><img loading=\"lazy\" decoding=\"async\" width=\"150\" height=\"150\" src=\"https:\/\/gabriele-boeger.de\/wp-content\/uploads\/2016\/04\/Peking-Ente_2014-150x150.jpg\" class=\"attachment-thumbnail size-thumbnail\" alt=\"\" aria-describedby=\"gallery-1-136\" \/><\/a>\n\t\t\t<\/div>\n\t\t\t\t<figcaption class='wp-caption-text gallery-caption' id='gallery-1-136'>\n\t\t\t\tPeking-Ente, 2014,  Aquarell auf B\u00fctten, 36 x 48 cm\n\t\t\t\t<\/figcaption><\/figure><figure class='gallery-item'>\n\t\t\t<div class='gallery-icon portrait'>\n\t\t\t\t<a href='https:\/\/gabriele-boeger.de\/wp\/werke\/bilder-2\/bilder\/k-9_gb_4_2014\/'><img loading=\"lazy\" decoding=\"async\" width=\"150\" height=\"150\" src=\"https:\/\/gabriele-boeger.de\/wp-content\/uploads\/2016\/04\/k-9_gb_4_2014-150x150.jpg\" class=\"attachment-thumbnail size-thumbnail\" alt=\"\" \/><\/a>\n\t\t\t<\/div><\/figure><figure class='gallery-item'>\n\t\t\t<div class='gallery-icon portrait'>\n\t\t\t\t<a href='https:\/\/gabriele-boeger.de\/wp\/werke\/bilder-2\/bilder\/k-8_gb_4_2014\/'><img loading=\"lazy\" decoding=\"async\" width=\"150\" height=\"150\" src=\"https:\/\/gabriele-boeger.de\/wp-content\/uploads\/2016\/04\/k-8_gb_4_2014-150x150.jpg\" class=\"attachment-thumbnail size-thumbnail\" alt=\"\" \/><\/a>\n\t\t\t<\/div><\/figure><figure class='gallery-item'>\n\t\t\t<div class='gallery-icon portrait'>\n\t\t\t\t<a href='https:\/\/gabriele-boeger.de\/wp\/werke\/bilder-2\/bilder\/k-1_gb_4_2014\/'><img loading=\"lazy\" decoding=\"async\" width=\"150\" height=\"150\" src=\"https:\/\/gabriele-boeger.de\/wp-content\/uploads\/2016\/04\/k-1_gb_4_2014-150x150.jpg\" class=\"attachment-thumbnail size-thumbnail\" alt=\"\" \/><\/a>\n\t\t\t<\/div><\/figure>\n\t\t<\/div>\n\n<\/div>\n<p>&nbsp;<\/p>\n<div id='gallery-2' class='gallery galleryid-24 gallery-columns-4 gallery-size-thumbnail'><figure class='gallery-item'>\n\t\t\t<div class='gallery-icon portrait'>\n\t\t\t\t<a href='https:\/\/gabriele-boeger.de\/wp\/werke\/bilder-2\/bilder\/draufgaengerin_i\/'><img loading=\"lazy\" decoding=\"async\" width=\"150\" height=\"150\" src=\"https:\/\/gabriele-boeger.de\/wp-content\/uploads\/2018\/08\/Draufgaengerin_I-150x150.jpg\" class=\"attachment-thumbnail size-thumbnail\" alt=\"\" aria-describedby=\"gallery-2-553\" \/><\/a>\n\t\t\t<\/div>\n\t\t\t\t<figcaption class='wp-caption-text gallery-caption' id='gallery-2-553'>\n\t\t\t\t\u201eDraufg\u00e4ngerin\u201c, 2018, Aquarell und Chinatusche auf Karton, 70 x 50 cm\n\t\t\t\t<\/figcaption><\/figure><figure class='gallery-item'>\n\t\t\t<div class='gallery-icon portrait'>\n\t\t\t\t<a href='https:\/\/gabriele-boeger.de\/wp\/werke\/bilder-2\/bilder\/egomane\/'><img loading=\"lazy\" decoding=\"async\" width=\"150\" height=\"150\" src=\"https:\/\/gabriele-boeger.de\/wp-content\/uploads\/2018\/08\/Egomane-150x150.jpg\" class=\"attachment-thumbnail size-thumbnail\" alt=\"\" aria-describedby=\"gallery-2-554\" \/><\/a>\n\t\t\t<\/div>\n\t\t\t\t<figcaption class='wp-caption-text gallery-caption' id='gallery-2-554'>\n\t\t\t\t\u201eEgomane\u201c, 2018, Aquarell und Chinatusche auf Karton, 70 x 50 cm\n\t\t\t\t<\/figcaption><\/figure><figure class='gallery-item'>\n\t\t\t<div class='gallery-icon portrait'>\n\t\t\t\t<a href='https:\/\/gabriele-boeger.de\/wp\/werke\/bilder-2\/bilder\/hausfreund_v\/'><img loading=\"lazy\" decoding=\"async\" width=\"150\" height=\"150\" src=\"https:\/\/gabriele-boeger.de\/wp-content\/uploads\/2018\/08\/Hausfreund_V-150x150.jpg\" class=\"attachment-thumbnail size-thumbnail\" alt=\"\" aria-describedby=\"gallery-2-555\" \/><\/a>\n\t\t\t<\/div>\n\t\t\t\t<figcaption class='wp-caption-text gallery-caption' id='gallery-2-555'>\n\t\t\t\t\u201eHausfreund V\u201c, 2018, Aquarell und Chinatusche auf Karton, 70 x 50 cm\n\t\t\t\t<\/figcaption><\/figure><figure class='gallery-item'>\n\t\t\t<div class='gallery-icon portrait'>\n\t\t\t\t<a href='https:\/\/gabriele-boeger.de\/wp\/werke\/bilder-2\/bilder\/king\/'><img loading=\"lazy\" decoding=\"async\" width=\"150\" height=\"150\" src=\"https:\/\/gabriele-boeger.de\/wp-content\/uploads\/2018\/08\/King-150x150.jpg\" class=\"attachment-thumbnail size-thumbnail\" alt=\"\" aria-describedby=\"gallery-2-556\" \/><\/a>\n\t\t\t<\/div>\n\t\t\t\t<figcaption class='wp-caption-text gallery-caption' id='gallery-2-556'>\n\t\t\t\t\u201eKing\u201c, 2018, Aquarell und Chinatusche auf Karton, 70 x 50 cm\n\t\t\t\t<\/figcaption><\/figure><figure class='gallery-item'>\n\t\t\t<div class='gallery-icon portrait'>\n\t\t\t\t<a href='https:\/\/gabriele-boeger.de\/wp\/werke\/bilder-2\/bilder\/kumpel_i\/'><img loading=\"lazy\" decoding=\"async\" width=\"150\" height=\"150\" src=\"https:\/\/gabriele-boeger.de\/wp-content\/uploads\/2018\/08\/Kumpel_I-150x150.jpg\" class=\"attachment-thumbnail size-thumbnail\" alt=\"\" aria-describedby=\"gallery-2-557\" \/><\/a>\n\t\t\t<\/div>\n\t\t\t\t<figcaption class='wp-caption-text gallery-caption' id='gallery-2-557'>\n\t\t\t\t\u201eKumpel I\u201c, 2018, Aquarell und Chinatusche auf Karton, 70 x 50 cm\n\t\t\t\t<\/figcaption><\/figure><figure class='gallery-item'>\n\t\t\t<div class='gallery-icon portrait'>\n\t\t\t\t<a href='https:\/\/gabriele-boeger.de\/wp\/werke\/bilder-2\/bilder\/liebling_i\/'><img loading=\"lazy\" decoding=\"async\" width=\"150\" height=\"150\" src=\"https:\/\/gabriele-boeger.de\/wp-content\/uploads\/2018\/08\/Liebling_I-150x150.jpg\" class=\"attachment-thumbnail size-thumbnail\" alt=\"\" aria-describedby=\"gallery-2-558\" \/><\/a>\n\t\t\t<\/div>\n\t\t\t\t<figcaption class='wp-caption-text gallery-caption' id='gallery-2-558'>\n\t\t\t\t\u201eLiebling I\u201c, 2018, Aquarell und Chinatusche auf Karton, 70 x 50 cm\n\t\t\t\t<\/figcaption><\/figure><figure class='gallery-item'>\n\t\t\t<div class='gallery-icon portrait'>\n\t\t\t\t<a href='https:\/\/gabriele-boeger.de\/wp\/werke\/bilder-2\/bilder\/liebling_ii\/'><img loading=\"lazy\" decoding=\"async\" width=\"150\" height=\"150\" src=\"https:\/\/gabriele-boeger.de\/wp-content\/uploads\/2018\/08\/Liebling_II-150x150.jpg\" class=\"attachment-thumbnail size-thumbnail\" alt=\"\" aria-describedby=\"gallery-2-559\" \/><\/a>\n\t\t\t<\/div>\n\t\t\t\t<figcaption class='wp-caption-text gallery-caption' id='gallery-2-559'>\n\t\t\t\t\u201eLiebling II\u201c, 2018, Aquarell und Chinatusche auf Karton, 70 x 50 cm\n\t\t\t\t<\/figcaption><\/figure><figure class='gallery-item'>\n\t\t\t<div class='gallery-icon portrait'>\n\t\t\t\t<a href='https:\/\/gabriele-boeger.de\/wp\/werke\/bilder-2\/bilder\/liebling_iii\/'><img loading=\"lazy\" decoding=\"async\" width=\"150\" height=\"150\" src=\"https:\/\/gabriele-boeger.de\/wp-content\/uploads\/2018\/08\/Liebling_III-150x150.jpg\" class=\"attachment-thumbnail size-thumbnail\" alt=\"\" aria-describedby=\"gallery-2-560\" \/><\/a>\n\t\t\t<\/div>\n\t\t\t\t<figcaption class='wp-caption-text gallery-caption' id='gallery-2-560'>\n\t\t\t\t\u201eLiebling III\u201c, 2018, Aquarell und Chinatusche auf Karton, 70 x 50 cm\n\t\t\t\t<\/figcaption><\/figure><figure class='gallery-item'>\n\t\t\t<div class='gallery-icon portrait'>\n\t\t\t\t<a href='https:\/\/gabriele-boeger.de\/wp\/werke\/bilder-2\/bilder\/miese_mieze_ii\/'><img loading=\"lazy\" decoding=\"async\" width=\"150\" height=\"150\" src=\"https:\/\/gabriele-boeger.de\/wp-content\/uploads\/2018\/08\/Miese_Mieze_II-150x150.jpg\" class=\"attachment-thumbnail size-thumbnail\" alt=\"\" aria-describedby=\"gallery-2-561\" \/><\/a>\n\t\t\t<\/div>\n\t\t\t\t<figcaption class='wp-caption-text gallery-caption' id='gallery-2-561'>\n\t\t\t\t\u201eMiese Mieze II\u201c, 2018, Aquarell und Chinatusche auf Karton, 70 x 50 cm\n\t\t\t\t<\/figcaption><\/figure><figure class='gallery-item'>\n\t\t\t<div class='gallery-icon portrait'>\n\t\t\t\t<a href='https:\/\/gabriele-boeger.de\/wp\/werke\/bilder-2\/bilder\/miststueck\/'><img loading=\"lazy\" decoding=\"async\" width=\"150\" height=\"150\" src=\"https:\/\/gabriele-boeger.de\/wp-content\/uploads\/2018\/08\/Miststueck-150x150.jpg\" class=\"attachment-thumbnail size-thumbnail\" alt=\"\" aria-describedby=\"gallery-2-562\" \/><\/a>\n\t\t\t<\/div>\n\t\t\t\t<figcaption class='wp-caption-text gallery-caption' id='gallery-2-562'>\n\t\t\t\t\u201eMistst\u00fcck\u201c, 2018, Aquarell und Chinatusche auf Karton, 70 x 50 cm\n\t\t\t\t<\/figcaption><\/figure><figure class='gallery-item'>\n\t\t\t<div class='gallery-icon portrait'>\n\t\t\t\t<a href='https:\/\/gabriele-boeger.de\/wp\/werke\/bilder-2\/bilder\/trumpi\/'><img loading=\"lazy\" decoding=\"async\" width=\"150\" height=\"150\" src=\"https:\/\/gabriele-boeger.de\/wp-content\/uploads\/2018\/08\/Trumpi-150x150.jpg\" class=\"attachment-thumbnail size-thumbnail\" alt=\"\" aria-describedby=\"gallery-2-563\" \/><\/a>\n\t\t\t<\/div>\n\t\t\t\t<figcaption class='wp-caption-text gallery-caption' id='gallery-2-563'>\n\t\t\t\t\u201eTrumpi\u201c, 2018, Aquarell und Chinatusche auf Karton, 70 x 50 cm\n\t\t\t\t<\/figcaption><\/figure><figure class='gallery-item'>\n\t\t\t<div class='gallery-icon portrait'>\n\t\t\t\t<a href='https:\/\/gabriele-boeger.de\/wp\/werke\/bilder-2\/bilder\/weichei\/'><img loading=\"lazy\" decoding=\"async\" width=\"150\" height=\"150\" src=\"https:\/\/gabriele-boeger.de\/wp-content\/uploads\/2018\/08\/Weichei-150x150.jpg\" class=\"attachment-thumbnail size-thumbnail\" alt=\"\" aria-describedby=\"gallery-2-564\" \/><\/a>\n\t\t\t<\/div>\n\t\t\t\t<figcaption class='wp-caption-text gallery-caption' id='gallery-2-564'>\n\t\t\t\t\u201eWeichei\u201c, 2018, Aquarell und Chinatusche auf Karton, 70 x 50 cm\n\t\t\t\t<\/figcaption><\/figure>\n\t\t<\/div>\n\n<div id=\"hands-on\" class=\"jqHandle jqResize\">\n<p>Die wiederkehrende k\u00fcnstlerische Auseinandersetzung mit dem \u201eTier\u201c und seinen Erscheinungsformen bildet seit Jahren einen meiner Arbeitsschwerpunkte.<\/p>\n<p>Generell kommt es mir dabei nicht auf die naturgetreue Wiedergabe an. Es geht vielmehr um das Erkennen des faszinierenden individuellen Tierwesens. Die k\u00fcnstlerische Umsetzung wird dabei ma\u00dfgeblich von der empfundenen emotionalen Verbindung geleitet und erfolgt in hohem Ma\u00dfe intuitiv.<\/p>\n<\/div>\n<h5><\/h5>\n<div id=\"idTextPanel\" class=\"jqDnR\"><\/div>\n<h5><\/h5>\n<h5><\/h5>\n","protected":false},"excerpt":{"rendered":"<p>Zur vergr\u00f6\u00dferten Ansicht bitte das einzelne Bild anklicken. \u00a0Tiere &nbsp; Die wiederkehrende k\u00fcnstlerische Auseinandersetzung mit dem \u201eTier\u201c und seinen Erscheinungsformen bildet seit Jahren einen meiner Arbeitsschwerpunkte. Generell kommt es mir dabei nicht auf die naturgetreue Wiedergabe an. Es geht vielmehr um das Erkennen des faszinierenden individuellen Tierwesens. Die k\u00fcnstlerische Umsetzung wird dabei ma\u00dfgeblich von der &hellip; <a href=\"https:\/\/gabriele-boeger.de\/wp\/werke\/bilder-2\/bilder\/\" class=\"more-link\"><span class=\"screen-reader-text\">Tiere<\/span> weiterlesen <span class=\"meta-nav\">&rarr;<\/span><\/a><\/p>\n","protected":false},"author":1,"featured_media":0,"parent":321,"menu_order":2,"comment_status":"closed","ping_status":"closed","template":"","meta":{"footnotes":""},"class_list":["post-24","page","type-page","status-publish","hentry"],"_links":{"self":[{"href":"https:\/\/gabriele-boeger.de\/wp\/wp-json\/wp\/v2\/pages\/24","targetHints":{"allow":["GET"]}}],"collection":[{"href":"https:\/\/gabriele-boeger.de\/wp\/wp-json\/wp\/v2\/pages"}],"about":[{"href":"https:\/\/gabriele-boeger.de\/wp\/wp-json\/wp\/v2\/types\/page"}],"author":[{"embeddable":true,"href":"https:\/\/gabriele-boeger.de\/wp\/wp-json\/wp\/v2\/users\/1"}],"replies":[{"embeddable":true,"href":"https:\/\/gabriele-boeger.de\/wp\/wp-json\/wp\/v2\/comments?post=24"}],"version-history":[{"count":19,"href":"https:\/\/gabriele-boeger.de\/wp\/wp-json\/wp\/v2\/pages\/24\/revisions"}],"predecessor-version":[{"id":566,"href":"https:\/\/gabriele-boeger.de\/wp\/wp-json\/wp\/v2\/pages\/24\/revisions\/566"}],"up":[{"embeddable":true,"href":"https:\/\/gabriele-boeger.de\/wp\/wp-json\/wp\/v2\/pages\/321"}],"wp:attachment":[{"href":"https:\/\/gabriele-boeger.de\/wp\/wp-json\/wp\/v2\/media?parent=24"}],"curies":[{"name":"wp","href":"https:\/\/api.w.org\/{rel}","templated":true}]}}