{"id":325,"date":"2018-05-23T15:08:55","date_gmt":"2018-05-23T13:08:55","guid":{"rendered":"http:\/\/gabriele-boeger.de\/wp\/?page_id=325"},"modified":"2018-05-23T15:09:24","modified_gmt":"2018-05-23T13:09:24","slug":"hortus","status":"publish","type":"page","link":"https:\/\/gabriele-boeger.de\/wp\/werke\/bilder-2\/hortus\/","title":{"rendered":"Hortus"},"content":{"rendered":"<div id='gallery-1' class='gallery galleryid-325 gallery-columns-3 gallery-size-thumbnail'><figure class='gallery-item'>\n\t\t\t<div class='gallery-icon portrait'>\n\t\t\t\t<a href='https:\/\/gabriele-boeger.de\/wp\/werke\/bilder-2\/bilder\/gem_hortus_1\/'><img loading=\"lazy\" decoding=\"async\" width=\"150\" height=\"150\" src=\"https:\/\/gabriele-boeger.de\/wp-content\/uploads\/2016\/04\/gem_hortus_1-150x150.jpg\" class=\"attachment-thumbnail size-thumbnail\" alt=\"\" aria-describedby=\"gallery-1-156\" \/><\/a>\n\t\t\t<\/div>\n\t\t\t\t<figcaption class='wp-caption-text gallery-caption' id='gallery-1-156'>\n\t\t\t\tHortus I, 2009, Eitempera auf Nessel, 120 x 90 cm\n\t\t\t\t<\/figcaption><\/figure><figure class='gallery-item'>\n\t\t\t<div class='gallery-icon portrait'>\n\t\t\t\t<a href='https:\/\/gabriele-boeger.de\/wp\/werke\/bilder-2\/bilder\/gem_hortus_2\/'><img loading=\"lazy\" decoding=\"async\" width=\"150\" height=\"150\" src=\"https:\/\/gabriele-boeger.de\/wp-content\/uploads\/2016\/04\/gem_hortus_2-150x150.jpg\" class=\"attachment-thumbnail size-thumbnail\" alt=\"\" aria-describedby=\"gallery-1-155\" \/><\/a>\n\t\t\t<\/div>\n\t\t\t\t<figcaption class='wp-caption-text gallery-caption' id='gallery-1-155'>\n\t\t\t\tHortus II, 2009, Eitempera auf Nessel, 120 x 90 cm\n\t\t\t\t<\/figcaption><\/figure><figure class='gallery-item'>\n\t\t\t<div class='gallery-icon portrait'>\n\t\t\t\t<a href='https:\/\/gabriele-boeger.de\/wp\/werke\/bilder-2\/bilder\/gem_hortus_3\/'><img loading=\"lazy\" decoding=\"async\" width=\"150\" height=\"150\" src=\"https:\/\/gabriele-boeger.de\/wp-content\/uploads\/2016\/04\/gem_hortus_3-150x150.jpg\" class=\"attachment-thumbnail size-thumbnail\" alt=\"\" aria-describedby=\"gallery-1-154\" \/><\/a>\n\t\t\t<\/div>\n\t\t\t\t<figcaption class='wp-caption-text gallery-caption' id='gallery-1-154'>\n\t\t\t\tHortus III, 2009, Eitempera auf Nessel, 120 x 90 cm\n\t\t\t\t<\/figcaption><\/figure><figure class='gallery-item'>\n\t\t\t<div class='gallery-icon portrait'>\n\t\t\t\t<a href='https:\/\/gabriele-boeger.de\/wp\/werke\/bilder-2\/bilder\/gem_hortus_4\/'><img loading=\"lazy\" decoding=\"async\" width=\"150\" height=\"150\" src=\"https:\/\/gabriele-boeger.de\/wp-content\/uploads\/2016\/04\/gem_hortus_4-150x150.jpg\" class=\"attachment-thumbnail size-thumbnail\" alt=\"\" aria-describedby=\"gallery-1-153\" \/><\/a>\n\t\t\t<\/div>\n\t\t\t\t<figcaption class='wp-caption-text gallery-caption' id='gallery-1-153'>\n\t\t\t\tHortus IV, 2009, Eitempera auf Nessel, 120 x 90 cm\n\t\t\t\t<\/figcaption><\/figure><figure class='gallery-item'>\n\t\t\t<div class='gallery-icon portrait'>\n\t\t\t\t<a href='https:\/\/gabriele-boeger.de\/wp\/werke\/bilder-2\/bilder\/gem_hortus_5\/'><img loading=\"lazy\" decoding=\"async\" width=\"150\" height=\"150\" src=\"https:\/\/gabriele-boeger.de\/wp-content\/uploads\/2016\/04\/gem_hortus_5-150x150.jpg\" class=\"attachment-thumbnail size-thumbnail\" alt=\"\" aria-describedby=\"gallery-1-152\" \/><\/a>\n\t\t\t<\/div>\n\t\t\t\t<figcaption class='wp-caption-text gallery-caption' id='gallery-1-152'>\n\t\t\t\tHortus V, 2009, Eitempera auf Nessel, 120 x 90 cm\n\t\t\t\t<\/figcaption><\/figure>\n\t\t<\/div>\n\n<p>&nbsp;<\/p>\n<p>Der Garten als Ideengeb\u00e4ude, Netzwerk, R\u00fcckzugsort und Metapher. Genoss der mittelalterliche Klostergarten neben seinem praktischen Nutzen f\u00fcr die K\u00fcche und die Klostermedizin vor allem eine hohe symbolische Wertsch\u00e4tzung u.a. als Sinnbild des Paradieses, liegt der heutige Bedeutungsschwerpunkt eher in seiner Rolle als R\u00fcckzugs- und Sehnsuchtsort. An und in ihm k\u00f6nnen sich seine Besitzer\/innen die eigenen Fantasien und Tr\u00e4ume der je eigenen Paradiesvorstellung verwirklichen. Die Werkreihe \u201eHortus\u201c setzt an diesem Punkt an und er\u00f6ffnet entsprechende Assoziationsfelder.<\/p>\n","protected":false},"excerpt":{"rendered":"<p>&nbsp; Der Garten als Ideengeb\u00e4ude, Netzwerk, R\u00fcckzugsort und Metapher. Genoss der mittelalterliche Klostergarten neben seinem praktischen Nutzen f\u00fcr die K\u00fcche und die Klostermedizin vor allem eine hohe symbolische Wertsch\u00e4tzung u.a. als Sinnbild des Paradieses, liegt der heutige Bedeutungsschwerpunkt eher in seiner Rolle als R\u00fcckzugs- und Sehnsuchtsort. An und in ihm k\u00f6nnen sich seine Besitzer\/innen die &hellip; <a href=\"https:\/\/gabriele-boeger.de\/wp\/werke\/bilder-2\/hortus\/\" class=\"more-link\"><span class=\"screen-reader-text\">Hortus<\/span> weiterlesen <span class=\"meta-nav\">&rarr;<\/span><\/a><\/p>\n","protected":false},"author":1,"featured_media":0,"parent":321,"menu_order":0,"comment_status":"closed","ping_status":"closed","template":"","meta":{"footnotes":""},"class_list":["post-325","page","type-page","status-publish","hentry"],"_links":{"self":[{"href":"https:\/\/gabriele-boeger.de\/wp\/wp-json\/wp\/v2\/pages\/325","targetHints":{"allow":["GET"]}}],"collection":[{"href":"https:\/\/gabriele-boeger.de\/wp\/wp-json\/wp\/v2\/pages"}],"about":[{"href":"https:\/\/gabriele-boeger.de\/wp\/wp-json\/wp\/v2\/types\/page"}],"author":[{"embeddable":true,"href":"https:\/\/gabriele-boeger.de\/wp\/wp-json\/wp\/v2\/users\/1"}],"replies":[{"embeddable":true,"href":"https:\/\/gabriele-boeger.de\/wp\/wp-json\/wp\/v2\/comments?post=325"}],"version-history":[{"count":1,"href":"https:\/\/gabriele-boeger.de\/wp\/wp-json\/wp\/v2\/pages\/325\/revisions"}],"predecessor-version":[{"id":326,"href":"https:\/\/gabriele-boeger.de\/wp\/wp-json\/wp\/v2\/pages\/325\/revisions\/326"}],"up":[{"embeddable":true,"href":"https:\/\/gabriele-boeger.de\/wp\/wp-json\/wp\/v2\/pages\/321"}],"wp:attachment":[{"href":"https:\/\/gabriele-boeger.de\/wp\/wp-json\/wp\/v2\/media?parent=325"}],"curies":[{"name":"wp","href":"https:\/\/api.w.org\/{rel}","templated":true}]}}